{"id":292,"date":"2020-03-11T09:01:25","date_gmt":"2020-03-11T08:01:25","guid":{"rendered":"https:\/\/lejardindespapillons.myskydoowebsite.com\/?page_id=292"},"modified":"2020-09-28T15:54:01","modified_gmt":"2020-09-28T13:54:01","slug":"presentation","status":"publish","type":"page","link":"https:\/\/lejardindespapillons.myskydoowebsite.com\/?page_id=292","title":{"rendered":"Pr\u00e9sentation"},"content":{"rendered":"\t\t<div data-elementor-type=\"wp-page\" data-elementor-id=\"292\" class=\"elementor elementor-292\">\n\t\t\t\t\t\t<section class=\"elementor-section elementor-top-section elementor-element elementor-element-da11d7a elementor-section-height-min-height elementor-reverse-mobile elementor-section-full_width elementor-section-height-default elementor-section-items-middle\" data-id=\"da11d7a\" data-element_type=\"section\" data-e-type=\"section\" data-settings=\"{&quot;background_background&quot;:&quot;gradient&quot;}\">\n\t\t\t\t\t\t<div class=\"elementor-container elementor-column-gap-default\">\n\t\t\t\t\t<div class=\"elementor-column elementor-col-33 elementor-top-column elementor-element elementor-element-3fca143\" data-id=\"3fca143\" data-element_type=\"column\" data-e-type=\"column\">\n\t\t\t<div class=\"elementor-widget-wrap elementor-element-populated\">\n\t\t\t\t\t\t<div class=\"elementor-element elementor-element-2872209 elementor-widget elementor-widget-image-carousel\" data-id=\"2872209\" data-element_type=\"widget\" data-e-type=\"widget\" data-settings=\"{&quot;slides_to_show&quot;:&quot;1&quot;,&quot;navigation&quot;:&quot;none&quot;,&quot;autoplay&quot;:&quot;yes&quot;,&quot;pause_on_hover&quot;:&quot;yes&quot;,&quot;pause_on_interaction&quot;:&quot;yes&quot;,&quot;autoplay_speed&quot;:5000,&quot;infinite&quot;:&quot;yes&quot;,&quot;effect&quot;:&quot;slide&quot;,&quot;speed&quot;:500}\" data-widget_type=\"image-carousel.default\">\n\t\t\t\t<div class=\"elementor-widget-container\">\n\t\t\t\t\t\t\t<div class=\"elementor-image-carousel-wrapper swiper\" role=\"region\" aria-roledescription=\"carousel\" aria-label=\"Carrousel d\u2019images\" dir=\"ltr\">\n\t\t\t<div class=\"elementor-image-carousel swiper-wrapper swiper-image-stretch\" aria-live=\"off\">\n\t\t\t\t\t\t\t\t<div class=\"swiper-slide\" role=\"group\" aria-roledescription=\"slide\" aria-label=\"1 sur 4\"><a data-elementor-open-lightbox=\"yes\" data-elementor-lightbox-slideshow=\"2872209\" data-elementor-lightbox-title=\"thumbnail_20200225_114013\" data-e-action-hash=\"#elementor-action%3Aaction%3Dlightbox%26settings%3DeyJpZCI6MzAwLCJ1cmwiOiJodHRwczpcL1wvbGVqYXJkaW5kZXNwYXBpbGxvbnMubXlza3lkb293ZWJzaXRlLmNvbVwvd3AtY29udGVudFwvdXBsb2Fkc1wvdGh1bWJuYWlsXzIwMjAwMjI1XzExNDAxMy5qcGciLCJzbGlkZXNob3ciOiIyODcyMjA5In0%3D\" href=\"https:\/\/lejardindespapillons.myskydoowebsite.com\/wp-content\/uploads\/thumbnail_20200225_114013.jpg\"><figure class=\"swiper-slide-inner\"><img decoding=\"async\" class=\"swiper-slide-image\" src=\"https:\/\/lejardindespapillons.myskydoowebsite.com\/wp-content\/uploads\/thumbnail_20200225_114013.jpg\" alt=\"thumbnail_20200225_114013\" title=\"|\"><\/figure><\/a><\/div><div class=\"swiper-slide\" role=\"group\" aria-roledescription=\"slide\" aria-label=\"2 sur 4\"><a data-elementor-open-lightbox=\"yes\" data-elementor-lightbox-slideshow=\"2872209\" data-elementor-lightbox-title=\"thumbnail_20200225_113650\" data-e-action-hash=\"#elementor-action%3Aaction%3Dlightbox%26settings%3DeyJpZCI6Mjk5LCJ1cmwiOiJodHRwczpcL1wvbGVqYXJkaW5kZXNwYXBpbGxvbnMubXlza3lkb293ZWJzaXRlLmNvbVwvd3AtY29udGVudFwvdXBsb2Fkc1wvdGh1bWJuYWlsXzIwMjAwMjI1XzExMzY1MC5qcGciLCJzbGlkZXNob3ciOiIyODcyMjA5In0%3D\" href=\"https:\/\/lejardindespapillons.myskydoowebsite.com\/wp-content\/uploads\/thumbnail_20200225_113650.jpg\"><figure class=\"swiper-slide-inner\"><img decoding=\"async\" class=\"swiper-slide-image\" src=\"https:\/\/lejardindespapillons.myskydoowebsite.com\/wp-content\/uploads\/thumbnail_20200225_113650.jpg\" alt=\"thumbnail_20200225_113650\" title=\"|\"><\/figure><\/a><\/div><div class=\"swiper-slide\" role=\"group\" aria-roledescription=\"slide\" aria-label=\"3 sur 4\"><a data-elementor-open-lightbox=\"yes\" data-elementor-lightbox-slideshow=\"2872209\" data-elementor-lightbox-title=\"thumbnail_20200225_113610\" data-e-action-hash=\"#elementor-action%3Aaction%3Dlightbox%26settings%3DeyJpZCI6Mjk4LCJ1cmwiOiJodHRwczpcL1wvbGVqYXJkaW5kZXNwYXBpbGxvbnMubXlza3lkb293ZWJzaXRlLmNvbVwvd3AtY29udGVudFwvdXBsb2Fkc1wvdGh1bWJuYWlsXzIwMjAwMjI1XzExMzYxMC5qcGciLCJzbGlkZXNob3ciOiIyODcyMjA5In0%3D\" href=\"https:\/\/lejardindespapillons.myskydoowebsite.com\/wp-content\/uploads\/thumbnail_20200225_113610.jpg\"><figure class=\"swiper-slide-inner\"><img decoding=\"async\" class=\"swiper-slide-image\" src=\"https:\/\/lejardindespapillons.myskydoowebsite.com\/wp-content\/uploads\/thumbnail_20200225_113610.jpg\" alt=\"thumbnail_20200225_113610\" title=\"|\"><\/figure><\/a><\/div><div class=\"swiper-slide\" role=\"group\" aria-roledescription=\"slide\" aria-label=\"4 sur 4\"><a data-elementor-open-lightbox=\"yes\" data-elementor-lightbox-slideshow=\"2872209\" data-elementor-lightbox-title=\"thumbnail_20200225_113146\" data-e-action-hash=\"#elementor-action%3Aaction%3Dlightbox%26settings%3DeyJpZCI6Mjk3LCJ1cmwiOiJodHRwczpcL1wvbGVqYXJkaW5kZXNwYXBpbGxvbnMubXlza3lkb293ZWJzaXRlLmNvbVwvd3AtY29udGVudFwvdXBsb2Fkc1wvdGh1bWJuYWlsXzIwMjAwMjI1XzExMzE0Ni5qcGciLCJzbGlkZXNob3ciOiIyODcyMjA5In0%3D\" href=\"https:\/\/lejardindespapillons.myskydoowebsite.com\/wp-content\/uploads\/thumbnail_20200225_113146.jpg\"><figure class=\"swiper-slide-inner\"><img decoding=\"async\" class=\"swiper-slide-image\" src=\"https:\/\/lejardindespapillons.myskydoowebsite.com\/wp-content\/uploads\/thumbnail_20200225_113146.jpg\" alt=\"thumbnail_20200225_113146\" title=\"|\"><\/figure><\/a><\/div>\t\t\t<\/div>\n\t\t\t\t\t\t\t\n\t\t\t\t\t\t\t\t\t<\/div>\n\t\t\t\t\t\t<\/div>\n\t\t\t\t<\/div>\n\t\t\t\t\t<\/div>\n\t\t<\/div>\n\t\t\t\t<div class=\"elementor-column elementor-col-66 elementor-top-column elementor-element elementor-element-80e9504\" data-id=\"80e9504\" data-element_type=\"column\" data-e-type=\"column\">\n\t\t\t<div class=\"elementor-widget-wrap elementor-element-populated\">\n\t\t\t\t\t\t<div class=\"elementor-element elementor-element-f66484b elementor-widget elementor-widget-heading\" data-id=\"f66484b\" data-element_type=\"widget\" data-e-type=\"widget\" data-widget_type=\"heading.default\">\n\t\t\t\t<div class=\"elementor-widget-container\">\n\t\t\t\t\t<h1 class=\"elementor-heading-title elementor-size-default\">Pr\u00e9sentation du jardin des papillons<\/h1>\t\t\t\t<\/div>\n\t\t\t\t<\/div>\n\t\t\t\t<div class=\"elementor-element elementor-element-07bac44 elementor-widget-divider--view-line elementor-widget elementor-widget-divider\" data-id=\"07bac44\" data-element_type=\"widget\" data-e-type=\"widget\" data-widget_type=\"divider.default\">\n\t\t\t\t<div class=\"elementor-widget-container\">\n\t\t\t\t\t\t\t<div class=\"elementor-divider\">\n\t\t\t<span class=\"elementor-divider-separator\">\n\t\t\t\t\t\t<\/span>\n\t\t<\/div>\n\t\t\t\t\t\t<\/div>\n\t\t\t\t<\/div>\n\t\t\t\t<div class=\"elementor-element elementor-element-58ed78c elementor-widget elementor-widget-text-editor\" data-id=\"58ed78c\" data-element_type=\"widget\" data-e-type=\"widget\" data-widget_type=\"text-editor.default\">\n\t\t\t\t<div class=\"elementor-widget-container\">\n\t\t\t\t\t\t\t\t\t<p><em>\u00ab\u00a0Un enfant est comme un papillon dans le vent\u2026certains peuvent voler plus haut que d\u2019autres, chacun vole \u00e0 sa fa\u00e7on. Pourquoi donc les comparer\u00a0? chacun d\u2019entre eux est diff\u00e9rent, est unique, est beau et incomparable\u00a0!\u00a0\u00bb<\/em><\/p><p>Le Jardin des Papillons est une cr\u00e8che priv\u00e9e approuv\u00e9e et contr\u00f4l\u00e9e par l\u2019ONE, qui accueille en journ\u00e9e des enfants de 0 \u00e0 3 ans, dans un cadre familial et chaleureux. Les enfants, peuvent grandir et se d\u00e9velopper dans une structure familiale, tourn\u00e9e autour de de la nature, de la bienveillance, de l\u2019environnement, du partage. Dans un cadre spacieux, avec un grand jardin, les enfants s\u2019\u00e9panouissent et grandissent. Notre alimentation est bio, locale et nos l\u00e9gumes proviennent de notre potager !<\/p><p>Bient\u00f4t nous accueillerons quelques poules, qui permettront aux enfants de d\u00e9guster de bons \u0153ufs\u00a0!<\/p><p>Les enfants sont au contact du r\u00e9el, d\u00e9couvrent les activit\u00e9s partag\u00e9es, et gagnent petit \u00e0 petit en confiance et en autonomie. Chacun est \u00e0 son rythme.<\/p><p>Nos valeurs d\u2019encouragement, de bienveillance, d\u2019\u00e9coute, de tol\u00e9rance aident les enfants \u00e0 grandir sereinement. Notre petite structure nous permet de leur proposer de nombreuses activit\u00e9s, des jeux adapt\u00e9s, des sorties dans le jardin. Toujours \u00e0 l\u2019\u00e9coute de leurs d\u00e9sirs, nous ne for\u00e7ons pas l\u2019enfant.<\/p><p>Lors de notre premi\u00e8re rencontre, nous faisons connaissance. Nous vous pr\u00e9sentons notre organisation et notre p\u00e9dagogie. Nous associons les parents \u00e0 notre projet pour cr\u00e9er un lien important entre les \u00e9quipes et les familles.<\/p><p>Vous avez besoin de faire garder votre enfant\u00a0? vous reprenez votre travail\u00a0?<\/p><p>La structure Jardin des Papillons \u00e9tant volontairement limit\u00e9e \u00e0 14 enfants, nous vous recommandons de prendre rapidement contact avec la directrice pour r\u00e9server une place.<\/p><p>Notre cr\u00e8che veille sur vos enfants du lundi au vendredi, de 6H00 \u00e0 18H30, tout au long de l\u2019ann\u00e9e (fermeture uniquement 2 semaines en \u00e9t\u00e9 et entre Noel et le 1<sup>er<\/sup> janvier).<\/p>\t\t\t\t\t\t\t\t<\/div>\n\t\t\t\t<\/div>\n\t\t\t\t\t<\/div>\n\t\t<\/div>\n\t\t\t\t\t<\/div>\n\t\t<\/section>\n\t\t\t\t<section class=\"elementor-section elementor-top-section elementor-element elementor-element-7d1720f elementor-section-full_width elementor-section-height-min-height elementor-section-items-stretch elementor-section-content-middle elementor-section-height-default\" data-id=\"7d1720f\" data-element_type=\"section\" data-e-type=\"section\">\n\t\t\t\t\t\t<div class=\"elementor-container elementor-column-gap-default\">\n\t\t\t\t\t<div class=\"elementor-column elementor-col-50 elementor-top-column elementor-element elementor-element-4f5fd4a\" data-id=\"4f5fd4a\" data-element_type=\"column\" data-e-type=\"column\">\n\t\t\t<div class=\"elementor-widget-wrap elementor-element-populated\">\n\t\t\t\t\t\t<div class=\"elementor-element elementor-element-e0b177a elementor-widget elementor-widget-heading\" data-id=\"e0b177a\" data-element_type=\"widget\" data-e-type=\"widget\" data-widget_type=\"heading.default\">\n\t\t\t\t<div class=\"elementor-widget-container\">\n\t\t\t\t\t<h2 class=\"elementor-heading-title elementor-size-default\">Notre histoire<\/h2>\t\t\t\t<\/div>\n\t\t\t\t<\/div>\n\t\t\t\t<div class=\"elementor-element elementor-element-e101c49 elementor-widget-divider--view-line elementor-widget elementor-widget-divider\" data-id=\"e101c49\" data-element_type=\"widget\" data-e-type=\"widget\" data-widget_type=\"divider.default\">\n\t\t\t\t<div class=\"elementor-widget-container\">\n\t\t\t\t\t\t\t<div class=\"elementor-divider\">\n\t\t\t<span class=\"elementor-divider-separator\">\n\t\t\t\t\t\t<\/span>\n\t\t<\/div>\n\t\t\t\t\t\t<\/div>\n\t\t\t\t<\/div>\n\t\t\t\t<div class=\"elementor-element elementor-element-e97b57d elementor-widget elementor-widget-text-editor\" data-id=\"e97b57d\" data-element_type=\"widget\" data-e-type=\"widget\" data-widget_type=\"text-editor.default\">\n\t\t\t\t<div class=\"elementor-widget-container\">\n\t\t\t\t\t\t\t\t\t<p>Le monde de la petite enfance m&rsquo;a toujours passionn\u00e9e. Je trouve enthousiasmant de participer au d\u00e9veloppement d\u2019un enfant, de l\u2019accompagner et de l\u2019aider \u00e0 s\u2019envoler comme le papillon sorti de son cocon.<\/p><p>\u00a0Au fil des ann\u00e9es je me suis form\u00e9e, j&rsquo;ai obtenu des dipl\u00f4mes, partag\u00e9 des exp\u00e9riences lors de mes stages, d\u00e9couvert des nouveaux concepts, et nourri ainsi mon projet.<\/p><p>Je me suis inspir\u00e9e des cr\u00e8ches familiales priv\u00e9es, agr\u00e9\u00e9s par l&rsquo;ONE, dont l&rsquo;organisation correspondait \u00e0 ma vision de l&rsquo;accueil petite enfance et de mes valeurs. J\u2019ai con\u00e7u un projet qui me ressemble et qui est int\u00e9gralement tourn\u00e9 vers le bien-\u00eatre de l\u2019enfant.<\/p><p>En 2018, j&rsquo;ouvre ma structure, et entame des travaux dans ma propre maison de famille. Mon r\u00eave \u00e9tait r\u00e9alis\u00e9\u00a0: accueillir des enfants en bas \u00e2ge dans un cadre familial, s\u00e9curisant, proche de la nature et \u00e9panouissant.<\/p><p>Deux professionnelles de la petite enfance m\u2019accompagnent dans cette aventure. Nous obtenons les qualifications de l\u2019ONE et ouvrons les portes \u00e0 la fin de l\u2019ann\u00e9e 2018<\/p><p>Le succ\u00e8s est au rendez-vous\u00a0!<\/p>\t\t\t\t\t\t\t\t<\/div>\n\t\t\t\t<\/div>\n\t\t\t\t\t<\/div>\n\t\t<\/div>\n\t\t\t\t<div class=\"elementor-column elementor-col-50 elementor-top-column elementor-element elementor-element-b525059\" data-id=\"b525059\" data-element_type=\"column\" data-e-type=\"column\" data-settings=\"{&quot;background_background&quot;:&quot;classic&quot;}\">\n\t\t\t<div class=\"elementor-widget-wrap elementor-element-populated\">\n\t\t\t\t\t\t<div class=\"elementor-element elementor-element-0c7efc5 elementor-widget elementor-widget-spacer\" data-id=\"0c7efc5\" data-element_type=\"widget\" data-e-type=\"widget\" data-widget_type=\"spacer.default\">\n\t\t\t\t<div class=\"elementor-widget-container\">\n\t\t\t\t\t\t\t<div class=\"elementor-spacer\">\n\t\t\t<div class=\"elementor-spacer-inner\"><\/div>\n\t\t<\/div>\n\t\t\t\t\t\t<\/div>\n\t\t\t\t<\/div>\n\t\t\t\t\t<\/div>\n\t\t<\/div>\n\t\t\t\t\t<\/div>\n\t\t<\/section>\n\t\t\t\t<section class=\"elementor-section elementor-top-section elementor-element elementor-element-aa1f992 elementor-section-full_width elementor-section-height-min-height elementor-section-items-stretch elementor-section-content-middle elementor-section-height-default\" data-id=\"aa1f992\" data-element_type=\"section\" data-e-type=\"section\">\n\t\t\t\t\t\t<div class=\"elementor-container elementor-column-gap-default\">\n\t\t\t\t\t<div class=\"elementor-column elementor-col-50 elementor-top-column elementor-element elementor-element-988f080 elementor-hidden-phone\" data-id=\"988f080\" data-element_type=\"column\" data-e-type=\"column\" data-settings=\"{&quot;background_background&quot;:&quot;classic&quot;}\">\n\t\t\t<div class=\"elementor-widget-wrap elementor-element-populated\">\n\t\t\t\t\t\t<div class=\"elementor-element elementor-element-6a3a52b elementor-widget elementor-widget-spacer\" data-id=\"6a3a52b\" data-element_type=\"widget\" data-e-type=\"widget\" data-widget_type=\"spacer.default\">\n\t\t\t\t<div class=\"elementor-widget-container\">\n\t\t\t\t\t\t\t<div class=\"elementor-spacer\">\n\t\t\t<div class=\"elementor-spacer-inner\"><\/div>\n\t\t<\/div>\n\t\t\t\t\t\t<\/div>\n\t\t\t\t<\/div>\n\t\t\t\t\t<\/div>\n\t\t<\/div>\n\t\t\t\t<div class=\"elementor-column elementor-col-50 elementor-top-column elementor-element elementor-element-418dd16\" data-id=\"418dd16\" data-element_type=\"column\" data-e-type=\"column\">\n\t\t\t<div class=\"elementor-widget-wrap elementor-element-populated\">\n\t\t\t\t\t\t<div class=\"elementor-element elementor-element-9196837 elementor-widget elementor-widget-heading\" data-id=\"9196837\" data-element_type=\"widget\" data-e-type=\"widget\" data-widget_type=\"heading.default\">\n\t\t\t\t<div class=\"elementor-widget-container\">\n\t\t\t\t\t<h2 class=\"elementor-heading-title elementor-size-default\">Pourquoi nous choisir ?<\/h2>\t\t\t\t<\/div>\n\t\t\t\t<\/div>\n\t\t\t\t<div class=\"elementor-element elementor-element-7c7e835 elementor-widget-divider--view-line elementor-widget elementor-widget-divider\" data-id=\"7c7e835\" data-element_type=\"widget\" data-e-type=\"widget\" data-widget_type=\"divider.default\">\n\t\t\t\t<div class=\"elementor-widget-container\">\n\t\t\t\t\t\t\t<div class=\"elementor-divider\">\n\t\t\t<span class=\"elementor-divider-separator\">\n\t\t\t\t\t\t<\/span>\n\t\t<\/div>\n\t\t\t\t\t\t<\/div>\n\t\t\t\t<\/div>\n\t\t\t\t<div class=\"elementor-element elementor-element-4be67b4 elementor-widget elementor-widget-text-editor\" data-id=\"4be67b4\" data-element_type=\"widget\" data-e-type=\"widget\" data-widget_type=\"text-editor.default\">\n\t\t\t\t<div class=\"elementor-widget-container\">\n\t\t\t\t\t\t\t\t\t<p>Le bonheur et l\u2019\u00e9panouissement de votre enfant sont nos seules pr\u00e9occupations. Au Jardin des Papillons, votre enfant est comme \u00e0 la maison ! Nous avons fait le choix d\u2019une capacit\u00e9 maximum de 14 enfants, partageant leur quotidien et leurs jeux. Leurs \u00e9changes sont source de beaucoup de joies, d\u2019apprentissages, de complicit\u00e9.<\/p><p>Nous avons le temps de veiller sur chacun, de suivre son rythme, ses envies, ses \u00e9motions. Nous veillons \u00e9galement au bien-\u00eatre des parents, en proposant de la souplesse dans les heures d\u2019ouverture, dans les repas, dans le respect des croyances religieuses et habitudes culturelles.<\/p><p>Les professionnels sont \u00e0 l\u2019\u00e9coute de votre enfant\u00a0; c\u2019est dans une ambiance sereine et bienveillante qu\u2019il \u00e9volue et s\u2019\u00e9panouit au Jardin des Papillons.<\/p><p>N\u2019h\u00e9sitez pas \u00e0 nous contacter et venir \u00e0 notre rencontre. Nous nous ferons une joie de vous pr\u00e9senter notre cr\u00e8che et notre organisation\u00a0!<\/p>\t\t\t\t\t\t\t\t<\/div>\n\t\t\t\t<\/div>\n\t\t\t\t<div class=\"elementor-element elementor-element-59cc2ad elementor-align-center elementor-widget elementor-widget-button\" data-id=\"59cc2ad\" data-element_type=\"widget\" data-e-type=\"widget\" data-widget_type=\"button.default\">\n\t\t\t\t<div class=\"elementor-widget-container\">\n\t\t\t\t\t\t\t\t\t<div class=\"elementor-button-wrapper\">\n\t\t\t\t\t<a class=\"elementor-button elementor-button-link elementor-size-md\" href=\"https:\/\/lejardindespapillons.myskydoowebsite.com\/?page_id=317\">\n\t\t\t\t\t\t<span class=\"elementor-button-content-wrapper\">\n\t\t\t\t\t\t\t\t\t<span class=\"elementor-button-text\">En savoir plus<\/span>\n\t\t\t\t\t<\/span>\n\t\t\t\t\t<\/a>\n\t\t\t\t<\/div>\n\t\t\t\t\t\t\t\t<\/div>\n\t\t\t\t<\/div>\n\t\t\t\t\t<\/div>\n\t\t<\/div>\n\t\t\t\t\t<\/div>\n\t\t<\/section>\n\t\t\t\t<section class=\"elementor-section elementor-top-section elementor-element elementor-element-80ef0e3 elementor-section-height-min-height elementor-section-content-middle elementor-section-boxed elementor-section-height-default elementor-section-items-middle\" data-id=\"80ef0e3\" data-element_type=\"section\" data-e-type=\"section\" data-settings=\"{&quot;background_background&quot;:&quot;classic&quot;}\">\n\t\t\t\t\t\t<div class=\"elementor-container elementor-column-gap-default\">\n\t\t\t\t\t<div class=\"elementor-column elementor-col-100 elementor-top-column elementor-element elementor-element-d6a8cf2\" data-id=\"d6a8cf2\" data-element_type=\"column\" data-e-type=\"column\">\n\t\t\t<div class=\"elementor-widget-wrap elementor-element-populated\">\n\t\t\t\t\t\t<div class=\"elementor-element elementor-element-0f3338b elementor-widget elementor-widget-heading\" data-id=\"0f3338b\" data-element_type=\"widget\" data-e-type=\"widget\" data-widget_type=\"heading.default\">\n\t\t\t\t<div class=\"elementor-widget-container\">\n\t\t\t\t\t<h2 class=\"elementor-heading-title elementor-size-default\">Offrir le meilleur d\u00e9part dans l'\u00e9ducation<\/h2>\t\t\t\t<\/div>\n\t\t\t\t<\/div>\n\t\t\t\t<div class=\"elementor-element elementor-element-ddc1660 elementor-widget-divider--view-line elementor-widget elementor-widget-divider\" data-id=\"ddc1660\" data-element_type=\"widget\" data-e-type=\"widget\" data-widget_type=\"divider.default\">\n\t\t\t\t<div class=\"elementor-widget-container\">\n\t\t\t\t\t\t\t<div class=\"elementor-divider\">\n\t\t\t<span class=\"elementor-divider-separator\">\n\t\t\t\t\t\t<\/span>\n\t\t<\/div>\n\t\t\t\t\t\t<\/div>\n\t\t\t\t<\/div>\n\t\t\t\t<div class=\"elementor-element elementor-element-3a24c9d elementor-widget elementor-widget-text-editor\" data-id=\"3a24c9d\" data-element_type=\"widget\" data-e-type=\"widget\" data-widget_type=\"text-editor.default\">\n\t\t\t\t<div class=\"elementor-widget-container\">\n\t\t\t\t\t\t\t\t\t<p>La petite enfance est d\u00e9terminante pour l\u2019\u00e9quilibre futur de l\u2019enfant. Nous veillons \u00e0 lui procurer tout ce dont il a besoin pour grandir, s\u2019\u00e9panouir et gagner en autonomie. Les enfants du Jardin des Papillons vivent au rythme de la nature, du potager, et s\u2019\u00e9panouissent ensemble au cours activit\u00e9s propos\u00e9es.<\/p><p>Notre p\u00e9dagogie est bienveillante, douce et personnalis\u00e9e. Chaque enfant est unique. Nous nous adaptons au rythme de chacun pour son plus grand \u00e9panouissement.<\/p><p>Nous cr\u00e9ons un lien fort avec les familles\u00a0; nous les informons \u00e0 la fin de la journ\u00e9e, les convions \u00e0 des f\u00eates, et leur faisons partager nos projets concernant les activit\u00e9s de leur enfant.<\/p><p>Les enfants partagent les activit\u00e9s, s\u2019entraident, s\u2019apprivoisent et apprennent \u00e0 vivre ensemble. C\u2019est un choix r\u00e9fl\u00e9chi de proposer un groupe unique dans cet esprit.<\/p>\t\t\t\t\t\t\t\t<\/div>\n\t\t\t\t<\/div>\n\t\t\t\t<div class=\"elementor-element elementor-element-7cef4f3 elementor-align-center elementor-widget__width-auto elementor-widget elementor-widget-button\" data-id=\"7cef4f3\" data-element_type=\"widget\" data-e-type=\"widget\" data-widget_type=\"button.default\">\n\t\t\t\t<div class=\"elementor-widget-container\">\n\t\t\t\t\t\t\t\t\t<div class=\"elementor-button-wrapper\">\n\t\t\t\t\t<a class=\"elementor-button elementor-button-link elementor-size-md\" href=\"https:\/\/lejardindespapillons.myskydoowebsite.com\/?page_id=103\">\n\t\t\t\t\t\t<span class=\"elementor-button-content-wrapper\">\n\t\t\t\t\t\t\t\t\t<span class=\"elementor-button-text\">Plus d'informations<\/span>\n\t\t\t\t\t<\/span>\n\t\t\t\t\t<\/a>\n\t\t\t\t<\/div>\n\t\t\t\t\t\t\t\t<\/div>\n\t\t\t\t<\/div>\n\t\t\t\t<div class=\"elementor-element elementor-element-89095e6 elementor-align-center elementor-widget__width-auto elementor-widget elementor-widget-button\" data-id=\"89095e6\" data-element_type=\"widget\" data-e-type=\"widget\" data-widget_type=\"button.default\">\n\t\t\t\t<div class=\"elementor-widget-container\">\n\t\t\t\t\t\t\t\t\t<div class=\"elementor-button-wrapper\">\n\t\t\t\t\t<a class=\"elementor-button elementor-button-link elementor-size-md\" href=\"https:\/\/lejardindespapillons.myskydoowebsite.com\/?page_id=103\">\n\t\t\t\t\t\t<span class=\"elementor-button-content-wrapper\">\n\t\t\t\t\t\t\t\t\t<span class=\"elementor-button-text\">Contactez-nous<\/span>\n\t\t\t\t\t<\/span>\n\t\t\t\t\t<\/a>\n\t\t\t\t<\/div>\n\t\t\t\t\t\t\t\t<\/div>\n\t\t\t\t<\/div>\n\t\t\t\t\t<\/div>\n\t\t<\/div>\n\t\t\t\t\t<\/div>\n\t\t<\/section>\n\t\t\t\t<\/div>\n\t\t","protected":false},"excerpt":{"rendered":"<p>Pr\u00e9sentation du jardin des papillons \u00ab\u00a0Un enfant est comme un papillon dans le vent\u2026certains peuvent voler plus haut que d\u2019autres, chacun vole \u00e0 sa fa\u00e7on. Pourquoi donc les comparer\u00a0? chacun d\u2019entre eux est diff\u00e9rent, est unique, est beau et incomparable\u00a0!\u00a0\u00bb Le Jardin des Papillons est une cr\u00e8che priv\u00e9e approuv\u00e9e et contr\u00f4l\u00e9e par l\u2019ONE, qui accueille [&hellip;]<\/p>\n","protected":false},"author":1,"featured_media":0,"parent":0,"menu_order":0,"comment_status":"closed","ping_status":"closed","template":"elementor_header_footer","meta":{"footnotes":""},"class_list":["post-292","page","type-page","status-publish","hentry"],"_links":{"self":[{"href":"https:\/\/lejardindespapillons.myskydoowebsite.com\/index.php?rest_route=\/wp\/v2\/pages\/292","targetHints":{"allow":["GET"]}}],"collection":[{"href":"https:\/\/lejardindespapillons.myskydoowebsite.com\/index.php?rest_route=\/wp\/v2\/pages"}],"about":[{"href":"https:\/\/lejardindespapillons.myskydoowebsite.com\/index.php?rest_route=\/wp\/v2\/types\/page"}],"author":[{"embeddable":true,"href":"https:\/\/lejardindespapillons.myskydoowebsite.com\/index.php?rest_route=\/wp\/v2\/users\/1"}],"replies":[{"embeddable":true,"href":"https:\/\/lejardindespapillons.myskydoowebsite.com\/index.php?rest_route=%2Fwp%2Fv2%2Fcomments&post=292"}],"version-history":[{"count":21,"href":"https:\/\/lejardindespapillons.myskydoowebsite.com\/index.php?rest_route=\/wp\/v2\/pages\/292\/revisions"}],"predecessor-version":[{"id":381,"href":"https:\/\/lejardindespapillons.myskydoowebsite.com\/index.php?rest_route=\/wp\/v2\/pages\/292\/revisions\/381"}],"wp:attachment":[{"href":"https:\/\/lejardindespapillons.myskydoowebsite.com\/index.php?rest_route=%2Fwp%2Fv2%2Fmedia&parent=292"}],"curies":[{"name":"wp","href":"https:\/\/api.w.org\/{rel}","templated":true}]}}